{"id":6,"date":"2021-06-24T17:47:54","date_gmt":"2021-06-24T17:47:54","guid":{"rendered":"http:\/\/jannebaj.dk\/?page_id=6"},"modified":"2024-01-17T15:32:44","modified_gmt":"2024-01-17T15:32:44","slug":"art-by-janne-baj","status":"publish","type":"page","link":"https:\/\/jannebaj.dk\/","title":{"rendered":"Unika kunst til fair priser"},"content":{"rendered":"\n<p> <\/p>\n\n\n\n<div class=\"wp-block-columns is-layout-flex wp-container-core-columns-is-layout-9d6595d7 wp-block-columns-is-layout-flex\">\n<div class=\"wp-block-column is-layout-flow wp-block-column-is-layout-flow\" style=\"flex-basis:25%\">\n<figure class=\"wp-block-image size-large\"><img loading=\"lazy\" decoding=\"async\" width=\"1024\" height=\"1024\" src=\"https:\/\/jannebaj.dk\/wp-content\/uploads\/2024\/01\/Orange-vinter-1024x1024.jpg\" alt=\"\" class=\"wp-image-821\" srcset=\"https:\/\/jannebaj.dk\/wp-content\/uploads\/2024\/01\/Orange-vinter-1024x1024.jpg 1024w, https:\/\/jannebaj.dk\/wp-content\/uploads\/2024\/01\/Orange-vinter-300x300.jpg 300w, https:\/\/jannebaj.dk\/wp-content\/uploads\/2024\/01\/Orange-vinter-150x150.jpg 150w, https:\/\/jannebaj.dk\/wp-content\/uploads\/2024\/01\/Orange-vinter-768x768.jpg 768w, https:\/\/jannebaj.dk\/wp-content\/uploads\/2024\/01\/Orange-vinter-1536x1536.jpg 1536w, https:\/\/jannebaj.dk\/wp-content\/uploads\/2024\/01\/Orange-vinter-2048x2048.jpg 2048w, https:\/\/jannebaj.dk\/wp-content\/uploads\/2024\/01\/Orange-vinter-100x100.jpg 100w, https:\/\/jannebaj.dk\/wp-content\/uploads\/2024\/01\/Orange-vinter-200x200.jpg 200w, https:\/\/jannebaj.dk\/wp-content\/uploads\/2024\/01\/Orange-vinter-450x450.jpg 450w, https:\/\/jannebaj.dk\/wp-content\/uploads\/2024\/01\/Orange-vinter-600x600.jpg 600w, https:\/\/jannebaj.dk\/wp-content\/uploads\/2024\/01\/Orange-vinter-900x900.jpg 900w\" sizes=\"auto, (max-width: 1024px) 100vw, 1024px\" \/><\/figure>\n<\/div>\n\n\n\n<div class=\"wp-block-column is-layout-flow wp-block-column-is-layout-flow\" style=\"flex-basis:50%\">\n<p>Frem til og med 4. april udstiller jeg et udvalg af mine malerier p\u00e5 Tamdrup aktivitetscenter Silkeborgvej 245,<br>Lund \/ Horsens.<\/p>\n\n\n\n<p>Jeg har ogs\u00e5 enkelte nye v\u00e6rker. som jeg gerne vil vise dig. Du finder de nyeste malerier <a href=\"https:\/\/jannebaj.dk\/index.php\/sidste-nye-malerier\/\">her<\/a>.<\/p>\n\n\n\n<p><\/p>\n\n\n\n<p><\/p>\n<\/div>\n\n\n\n<div class=\"wp-block-column is-layout-flow wp-block-column-is-layout-flow\" style=\"flex-basis:25%\">\n<figure class=\"wp-block-image size-large\"><img loading=\"lazy\" decoding=\"async\" width=\"1024\" height=\"1024\" src=\"https:\/\/jannebaj.dk\/wp-content\/uploads\/2024\/01\/IMG_6932-1024x1024.jpg\" alt=\"\" class=\"wp-image-822\" srcset=\"https:\/\/jannebaj.dk\/wp-content\/uploads\/2024\/01\/IMG_6932-1024x1024.jpg 1024w, https:\/\/jannebaj.dk\/wp-content\/uploads\/2024\/01\/IMG_6932-300x300.jpg 300w, https:\/\/jannebaj.dk\/wp-content\/uploads\/2024\/01\/IMG_6932-150x150.jpg 150w, https:\/\/jannebaj.dk\/wp-content\/uploads\/2024\/01\/IMG_6932-768x768.jpg 768w, https:\/\/jannebaj.dk\/wp-content\/uploads\/2024\/01\/IMG_6932-1536x1536.jpg 1536w, https:\/\/jannebaj.dk\/wp-content\/uploads\/2024\/01\/IMG_6932-2048x2048.jpg 2048w, https:\/\/jannebaj.dk\/wp-content\/uploads\/2024\/01\/IMG_6932-100x100.jpg 100w, https:\/\/jannebaj.dk\/wp-content\/uploads\/2024\/01\/IMG_6932-200x200.jpg 200w, https:\/\/jannebaj.dk\/wp-content\/uploads\/2024\/01\/IMG_6932-450x450.jpg 450w, https:\/\/jannebaj.dk\/wp-content\/uploads\/2024\/01\/IMG_6932-600x600.jpg 600w, https:\/\/jannebaj.dk\/wp-content\/uploads\/2024\/01\/IMG_6932-900x900.jpg 900w\" sizes=\"auto, (max-width: 1024px) 100vw, 1024px\" \/><\/figure>\n<\/div>\n<\/div>\n\n\n\n<div class=\"wp-block-buttons is-content-justification-center is-layout-flex wp-container-core-buttons-is-layout-16018d1d wp-block-buttons-is-layout-flex\">\n<div class=\"wp-block-button is-style-fill\"><a class=\"wp-block-button__link wp-element-button\" href=\"https:\/\/jannebaj.dk\/index.php\/nyhedsmail\/\"><meta charset=\"utf-8\"><strong>Tilmeld dig mit nyhedsbrev og f\u00e5 besked, n\u00e5r der er nyt p\u00e5 siden<\/strong><\/a><\/div>\n<\/div>\n\n\n\n<p><\/p>\n\n\n\n<div class=\"wp-block-columns is-layout-flex wp-container-core-columns-is-layout-9d6595d7 wp-block-columns-is-layout-flex\">\n<div class=\"wp-block-column is-layout-flow wp-block-column-is-layout-flow\">\n<figure class=\"wp-block-image size-full is-resized\"><a href=\"https:\/\/jannebaj.dk\/index.php\/malerier\/\"><img loading=\"lazy\" decoding=\"async\" width=\"198\" height=\"265\" src=\"https:\/\/jannebaj.dk\/wp-content\/uploads\/2024\/01\/Foraarsskov.png\" alt=\"\" class=\"wp-image-819\" style=\"width:226px;height:auto\" srcset=\"https:\/\/jannebaj.dk\/wp-content\/uploads\/2024\/01\/Foraarsskov.png 198w, https:\/\/jannebaj.dk\/wp-content\/uploads\/2024\/01\/Foraarsskov-100x134.png 100w, https:\/\/jannebaj.dk\/wp-content\/uploads\/2024\/01\/Foraarsskov-150x201.png 150w\" sizes=\"auto, (max-width: 198px) 100vw, 198px\" \/><\/a><\/figure>\n<\/div>\n\n\n\n<div class=\"wp-block-column is-layout-flow wp-block-column-is-layout-flow\">\n<figure class=\"wp-block-image size-medium\"><a href=\"https:\/\/jannebaj.dk\/index.php\/foto\/\"><img loading=\"lazy\" decoding=\"async\" width=\"225\" height=\"300\" src=\"https:\/\/jannebaj.dk\/wp-content\/uploads\/2024\/01\/januar24-225x300.jpg\" alt=\"\" class=\"wp-image-820\" srcset=\"https:\/\/jannebaj.dk\/wp-content\/uploads\/2024\/01\/januar24-225x300.jpg 225w, https:\/\/jannebaj.dk\/wp-content\/uploads\/2024\/01\/januar24-768x1024.jpg 768w, https:\/\/jannebaj.dk\/wp-content\/uploads\/2024\/01\/januar24-1152x1536.jpg 1152w, https:\/\/jannebaj.dk\/wp-content\/uploads\/2024\/01\/januar24-1536x2048.jpg 1536w, https:\/\/jannebaj.dk\/wp-content\/uploads\/2024\/01\/januar24-100x133.jpg 100w, https:\/\/jannebaj.dk\/wp-content\/uploads\/2024\/01\/januar24-150x200.jpg 150w, https:\/\/jannebaj.dk\/wp-content\/uploads\/2024\/01\/januar24-200x267.jpg 200w, https:\/\/jannebaj.dk\/wp-content\/uploads\/2024\/01\/januar24-300x400.jpg 300w, https:\/\/jannebaj.dk\/wp-content\/uploads\/2024\/01\/januar24-450x600.jpg 450w, https:\/\/jannebaj.dk\/wp-content\/uploads\/2024\/01\/januar24-600x800.jpg 600w, https:\/\/jannebaj.dk\/wp-content\/uploads\/2024\/01\/januar24-900x1200.jpg 900w, https:\/\/jannebaj.dk\/wp-content\/uploads\/2024\/01\/januar24-scaled.jpg 1920w\" sizes=\"auto, (max-width: 225px) 100vw, 225px\" \/><\/a><\/figure>\n<\/div>\n<\/div>\n\n\n\n<p><\/p>\n\n\n\n<p>Om du ser mine v\u00e6rker som kunst, kan jeg ikke bestemme.<\/p>\n\n\n\n<p>Jeg vil blot invitere dig til at se dig omkring i mit kunstunivers.<br>Alle v\u00e6rker er til salg &#8211; <a href=\"https:\/\/jannebaj.dk\/index.php\/kontakt\/\" data-type=\"page\" data-id=\"441\"><mark style=\"background-color:rgba(0, 0, 0, 0)\" class=\"has-inline-color has-button-color-color\">kontakt<\/mark> <\/a>mig for aftale og priser.<\/p>\n","protected":false},"excerpt":{"rendered":"<p>Frem til og med 4. april udstiller jeg et udvalg af mine malerier p\u00e5 Tamdrup aktivitetscenter Silkeborgvej 245,Lund \/ Horsens. Jeg har ogs\u00e5 enkelte nye v\u00e6rker. som jeg gerne vil vise dig. Du finder de nyeste malerier her. Om du &hellip;<\/p>\n<p class=\"read-more\"> <a class=\"more-link\" href=\"https:\/\/jannebaj.dk\/\"> <span class=\"screen-reader-text\">Unika kunst til fair priser<\/span> Read More &raquo;<\/a><\/p>\n","protected":false},"author":1,"featured_media":0,"parent":0,"menu_order":0,"comment_status":"closed","ping_status":"closed","template":"","meta":{"ngg_post_thumbnail":0,"footnotes":""},"class_list":["post-6","page","type-page","status-publish","hentry"],"yoast_head":"<!-- This site is optimized with the Yoast SEO plugin v19.11 - https:\/\/yoast.com\/wordpress\/plugins\/seo\/ -->\n<title>Unika kunst til fair priser - Art by Janne Baj<\/title>\n<meta name=\"robots\" content=\"noindex, follow, max-snippet:-1, max-image-preview:large, max-video-preview:-1\" \/>\n<meta property=\"og:locale\" content=\"da_DK\" \/>\n<meta property=\"og:type\" content=\"article\" \/>\n<meta property=\"og:title\" content=\"Unika kunst til fair priser - Art by Janne Baj\" \/>\n<meta property=\"og:description\" content=\"Frem til og med 4. april udstiller jeg et udvalg af mine malerier p\u00e5 Tamdrup aktivitetscenter Silkeborgvej 245,Lund \/ Horsens. Jeg har ogs\u00e5 enkelte nye v\u00e6rker. som jeg gerne vil vise dig. Du finder de nyeste malerier her. Om du &hellip; Unika kunst til fair priser Read More &raquo;\" \/>\n<meta property=\"og:url\" content=\"https:\/\/jannebaj.dk\/\" \/>\n<meta property=\"og:site_name\" content=\"Art by Janne Baj\" \/>\n<meta property=\"article:modified_time\" content=\"2024-01-17T15:32:44+00:00\" \/>\n<meta property=\"og:image\" content=\"https:\/\/jannebaj.dk\/wp-content\/uploads\/2024\/01\/Orange-vinter-1024x1024.jpg\" \/>\n<meta name=\"twitter:card\" content=\"summary_large_image\" \/>\n<meta name=\"twitter:label1\" content=\"Estimeret l\u00e6setid\" \/>\n\t<meta name=\"twitter:data1\" content=\"2 minutter\" \/>\n<script type=\"application\/ld+json\" class=\"yoast-schema-graph\">{\"@context\":\"https:\/\/schema.org\",\"@graph\":[{\"@type\":\"WebPage\",\"@id\":\"https:\/\/jannebaj.dk\/\",\"url\":\"https:\/\/jannebaj.dk\/\",\"name\":\"Unika kunst til fair priser - Art by Janne Baj\",\"isPartOf\":{\"@id\":\"https:\/\/jannebaj.dk\/#website\"},\"datePublished\":\"2021-06-24T17:47:54+00:00\",\"dateModified\":\"2024-01-17T15:32:44+00:00\",\"breadcrumb\":{\"@id\":\"https:\/\/jannebaj.dk\/#breadcrumb\"},\"inLanguage\":\"da-DK\",\"potentialAction\":[{\"@type\":\"ReadAction\",\"target\":[\"https:\/\/jannebaj.dk\/\"]}]},{\"@type\":\"BreadcrumbList\",\"@id\":\"https:\/\/jannebaj.dk\/#breadcrumb\",\"itemListElement\":[{\"@type\":\"ListItem\",\"position\":1,\"name\":\"Hjem\",\"item\":\"https:\/\/jannebaj.dk\/\"},{\"@type\":\"ListItem\",\"position\":2,\"name\":\"Unika kunst til fair priser\"}]},{\"@type\":\"WebSite\",\"@id\":\"https:\/\/jannebaj.dk\/#website\",\"url\":\"https:\/\/jannebaj.dk\/\",\"name\":\"Art by Janne Baj\",\"description\":\"Unique art\",\"potentialAction\":[{\"@type\":\"SearchAction\",\"target\":{\"@type\":\"EntryPoint\",\"urlTemplate\":\"https:\/\/jannebaj.dk\/?s={search_term_string}\"},\"query-input\":\"required name=search_term_string\"}],\"inLanguage\":\"da-DK\"}]}<\/script>\n<!-- \/ Yoast SEO plugin. -->","yoast_head_json":{"title":"Unika kunst til fair priser - Art by Janne Baj","robots":{"index":"noindex","follow":"follow","max-snippet":"max-snippet:-1","max-image-preview":"max-image-preview:large","max-video-preview":"max-video-preview:-1"},"og_locale":"da_DK","og_type":"article","og_title":"Unika kunst til fair priser - Art by Janne Baj","og_description":"Frem til og med 4. april udstiller jeg et udvalg af mine malerier p\u00e5 Tamdrup aktivitetscenter Silkeborgvej 245,Lund \/ Horsens. Jeg har ogs\u00e5 enkelte nye v\u00e6rker. som jeg gerne vil vise dig. Du finder de nyeste malerier her. Om du &hellip; Unika kunst til fair priser Read More &raquo;","og_url":"https:\/\/jannebaj.dk\/","og_site_name":"Art by Janne Baj","article_modified_time":"2024-01-17T15:32:44+00:00","og_image":[{"url":"https:\/\/jannebaj.dk\/wp-content\/uploads\/2024\/01\/Orange-vinter-1024x1024.jpg"}],"twitter_card":"summary_large_image","twitter_misc":{"Estimeret l\u00e6setid":"2 minutter"},"schema":{"@context":"https:\/\/schema.org","@graph":[{"@type":"WebPage","@id":"https:\/\/jannebaj.dk\/","url":"https:\/\/jannebaj.dk\/","name":"Unika kunst til fair priser - Art by Janne Baj","isPartOf":{"@id":"https:\/\/jannebaj.dk\/#website"},"datePublished":"2021-06-24T17:47:54+00:00","dateModified":"2024-01-17T15:32:44+00:00","breadcrumb":{"@id":"https:\/\/jannebaj.dk\/#breadcrumb"},"inLanguage":"da-DK","potentialAction":[{"@type":"ReadAction","target":["https:\/\/jannebaj.dk\/"]}]},{"@type":"BreadcrumbList","@id":"https:\/\/jannebaj.dk\/#breadcrumb","itemListElement":[{"@type":"ListItem","position":1,"name":"Hjem","item":"https:\/\/jannebaj.dk\/"},{"@type":"ListItem","position":2,"name":"Unika kunst til fair priser"}]},{"@type":"WebSite","@id":"https:\/\/jannebaj.dk\/#website","url":"https:\/\/jannebaj.dk\/","name":"Art by Janne Baj","description":"Unique art","potentialAction":[{"@type":"SearchAction","target":{"@type":"EntryPoint","urlTemplate":"https:\/\/jannebaj.dk\/?s={search_term_string}"},"query-input":"required name=search_term_string"}],"inLanguage":"da-DK"}]}},"_links":{"self":[{"href":"https:\/\/jannebaj.dk\/index.php\/wp-json\/wp\/v2\/pages\/6","targetHints":{"allow":["GET"]}}],"collection":[{"href":"https:\/\/jannebaj.dk\/index.php\/wp-json\/wp\/v2\/pages"}],"about":[{"href":"https:\/\/jannebaj.dk\/index.php\/wp-json\/wp\/v2\/types\/page"}],"author":[{"embeddable":true,"href":"https:\/\/jannebaj.dk\/index.php\/wp-json\/wp\/v2\/users\/1"}],"replies":[{"embeddable":true,"href":"https:\/\/jannebaj.dk\/index.php\/wp-json\/wp\/v2\/comments?post=6"}],"version-history":[{"count":53,"href":"https:\/\/jannebaj.dk\/index.php\/wp-json\/wp\/v2\/pages\/6\/revisions"}],"predecessor-version":[{"id":884,"href":"https:\/\/jannebaj.dk\/index.php\/wp-json\/wp\/v2\/pages\/6\/revisions\/884"}],"wp:attachment":[{"href":"https:\/\/jannebaj.dk\/index.php\/wp-json\/wp\/v2\/media?parent=6"}],"curies":[{"name":"wp","href":"https:\/\/api.w.org\/{rel}","templated":true}]}}